{"id":12582,"date":"2019-06-23T01:54:31","date_gmt":"2019-06-23T04:54:31","guid":{"rendered":"https:\/\/templura.com\/tienda\/?page_id=12582"},"modified":"2020-05-07T20:19:03","modified_gmt":"2020-05-07T23:19:03","slug":"preguntas-frecuentes","status":"publish","type":"page","link":"https:\/\/templura.com\/tienda\/preguntas-frecuentes\/","title":{"rendered":"FAQS"},"content":{"rendered":"\n[et_pb_section fb_built=\u00bb1&#8243; custom_padding_last_edited=\u00bbon|desktop\u00bb admin_label=\u00bbsection\u00bb module_id=\u00bbsop-blog-home\u00bb _builder_version=\u00bb3.22.3&#8243; custom_margin=\u00bb0px|||\u00bb custom_padding_tablet=\u00bb50px|0|50px|0&#8243; global_module=\u00bb12581&#8243; saved_tabs=\u00bball\u00bb locked=\u00bboff\u00bb][et_pb_row _builder_version=\u00bb3.22.3&#8243; background_size=\u00bbinitial\u00bb background_position=\u00bbtop_left\u00bb background_repeat=\u00bbrepeat\u00bb][et_pb_column type=\u00bb4_4&#8243; _builder_version=\u00bb3.0.47&#8243;][et_pb_text _builder_version=\u00bb3.7&#8243; background_size=\u00bbinitial\u00bb background_position=\u00bbtop_left\u00bb background_repeat=\u00bbrepeat\u00bb use_border_color=\u00bboff\u00bb border_color=\u00bb#ffffff\u00bb border_style=\u00bbsolid\u00bb]<h3>Preguntas Frecuentes<\/h3>\r[\/et_pb_text][\/et_pb_column][\/et_pb_row][et_pb_row admin_label=\u00bbrow\u00bb _builder_version=\u00bb3.22.3&#8243; background_size=\u00bbinitial\u00bb background_position=\u00bbtop_left\u00bb background_repeat=\u00bbrepeat\u00bb][et_pb_column type=\u00bb1_3&#8243; _builder_version=\u00bb3.0.47&#8243;][et_pb_text admin_label=\u00bbText\u00bb _builder_version=\u00bb3.0.74&#8243; background_size=\u00bbinitial\u00bb background_position=\u00bbtop_left\u00bb background_repeat=\u00bbrepeat\u00bb]<h4>Sobre los\u00a0Regalos<\/h4>\r[\/et_pb_text][et_pb_accordion admin_label=\u00bbAccordion Sobre los Productos\u00bb _builder_version=\u00bb3.0.47&#8243;][et_pb_accordion_item title=\u00bb\u00bf Para qui\u00e9nes son los regalos de Templura ?\u00bb open=\u00bbon\u00bb _builder_version=\u00bb3.0.47&#8243; title_text_shadow_horizontal_length=\u00bb0em\u00bb title_text_shadow_vertical_length=\u00bb0em\u00bb title_text_shadow_blur_strength=\u00bb0em\u00bb closed_title_text_shadow_horizontal_length=\u00bb0em\u00bb closed_title_text_shadow_vertical_length=\u00bb0em\u00bb closed_title_text_shadow_blur_strength=\u00bb0em\u00bb]Las propuestas de regalos que ofrecemos est\u00e1n dirigidas exclusivamente al segmento corporativo. Esto significa que no ofrecemos venta de regalos de forma particular o por unidad.\r[\/et_pb_accordion_item][et_pb_accordion_item title=\u00bb\u00bf Qu\u00e9 tipo de regalos ofrecemos ?\u00bb open=\u00bboff\u00bb _builder_version=\u00bb3.0.47&#8243; title_text_shadow_horizontal_length=\u00bb0em\u00bb title_text_shadow_vertical_length=\u00bb0em\u00bb title_text_shadow_blur_strength=\u00bb0em\u00bb closed_title_text_shadow_horizontal_length=\u00bb0em\u00bb closed_title_text_shadow_vertical_length=\u00bb0em\u00bb closed_title_text_shadow_blur_strength=\u00bb0em\u00bb]Objetos de calidad relacionados con el disfrute, el tiempo libre, los viajes y la decoraci\u00f3n y regalos gourmet en una gran variedad, muchas veces acompa\u00f1ados de vinos o champagne.\r[\/et_pb_accordion_item][et_pb_accordion_item title=\u00bb\u00bfC\u00f3mo trabajamos para ofrecer la mejor alternativa en funci\u00f3n de la necesidad de su empresa ?\u00bb open=\u00bboff\u00bb _builder_version=\u00bb3.0.47&#8243; title_text_shadow_horizontal_length=\u00bb0em\u00bb title_text_shadow_vertical_length=\u00bb0em\u00bb title_text_shadow_blur_strength=\u00bb0em\u00bb closed_title_text_shadow_horizontal_length=\u00bb0em\u00bb closed_title_text_shadow_vertical_length=\u00bb0em\u00bb closed_title_text_shadow_blur_strength=\u00bb0em\u00bb]En la web puede recorrer opciones de combos ya armados, pero lo mas frecuente es que nuestros clientes nos expliquen su necesidad y nosotros nos encargamos de acercarle diferentes propuestas contemplando el presupuesto disponible.\r[\/et_pb_accordion_item][et_pb_accordion_item title=\u00bb\u00bf Se puede aplicar el logo ? \u00bb open=\u00bboff\u00bb _builder_version=\u00bb3.0.47&#8243; title_text_shadow_horizontal_length=\u00bb0em\u00bb title_text_shadow_vertical_length=\u00bb0em\u00bb title_text_shadow_blur_strength=\u00bb0em\u00bb closed_title_text_shadow_horizontal_length=\u00bb0em\u00bb closed_title_text_shadow_vertical_length=\u00bb0em\u00bb closed_title_text_shadow_blur_strength=\u00bb0em\u00bb]Muchos de nuestros clientes eligen grabar el logo de su empresa ya sea en cajas de cart\u00f3n hechas especialmente, bandejas de madera o cajas, objetos de cer\u00e1mica como cuencos, dips o tazas.\r[\/et_pb_accordion_item][et_pb_accordion_item title=\u00bb\u00bf Qu\u00e9 pueden contener los regalos gourmet ?\u00bb open=\u00bboff\u00bb _builder_version=\u00bb3.0.47&#8243; title_text_shadow_horizontal_length=\u00bb0em\u00bb title_text_shadow_vertical_length=\u00bb0em\u00bb title_text_shadow_blur_strength=\u00bb0em\u00bb closed_title_text_shadow_horizontal_length=\u00bb0em\u00bb closed_title_text_shadow_vertical_length=\u00bb0em\u00bb closed_title_text_shadow_blur_strength=\u00bb0em\u00bb]Productos envasados como aceitunas a la italiana, hongos ahumados, ciervo, trucha, jabal\u00ed en escabeche, pates de cordero, ciervo, salm\u00f3n, trucha. Mostazas de hongos, o tomates. Pasta de aceitunas verdes y negras. Diferentes blends de te verde y te negro. Dulces de frutos rojos o de peras y canela. Galletitas gourmet de queso y nuez, biscotti italianos con almendras y pasas de uva, diversos chocolates.\r\nPor su puesto los regalos pueden incluir vinos o champagne de diferentes bodegas.\r\nTambi\u00e9n armamos propuestas que contienen quesos y fiambres. En este caso hay que entender bien a qui\u00e9n va dirigido el regalo y d\u00f3nde est\u00e1 ubicado el destinatario como para saber qu\u00e9 tipo de productos incluir.\r[\/et_pb_accordion_item][et_pb_accordion_item title=\u00bb\u00bf Hacen tablas de picadas de quesos y fiambres ?\u00bb open=\u00bboff\u00bb _builder_version=\u00bb3.0.47&#8243; title_text_shadow_horizontal_length=\u00bb0em\u00bb title_text_shadow_vertical_length=\u00bb0em\u00bb title_text_shadow_blur_strength=\u00bb0em\u00bb closed_title_text_shadow_horizontal_length=\u00bb0em\u00bb closed_title_text_shadow_vertical_length=\u00bb0em\u00bb closed_title_text_shadow_blur_strength=\u00bb0em\u00bb]Si, combinamos todos los productos que ofrecemos en tablas muy completas, que son bienvenidas por los agasajados.\r[\/et_pb_accordion_item][et_pb_accordion_item title=\u00bb\u00bfQu\u00e9 garant\u00edas de sanidad tienen los productos de Templura?\u00bb open=\u00bboff\u00bb _builder_version=\u00bb3.0.47&#8243; title_text_shadow_horizontal_length=\u00bb0em\u00bb title_text_shadow_vertical_length=\u00bb0em\u00bb title_text_shadow_blur_strength=\u00bb0em\u00bb closed_title_text_shadow_horizontal_length=\u00bb0em\u00bb closed_title_text_shadow_vertical_length=\u00bb0em\u00bb closed_title_text_shadow_blur_strength=\u00bb0em\u00bb]Todos los productos que ofrecemos cuentan con las habilitaciones correspondientes para su comercializaci\u00f3n y consumo. Est\u00e1n habilitados por el S.E.N.A.S.A., todos poseen fecha de vencimiento y son almacenados de acuerdo a lo requerido para su \u00f3ptima preservaci\u00f3n.\r[\/et_pb_accordion_item][\/et_pb_accordion][\/et_pb_column][et_pb_column type=\u00bb1_3&#8243; _builder_version=\u00bb3.0.47&#8243;][et_pb_text admin_label=\u00bbText\u00bb _builder_version=\u00bb3.0.74&#8243; background_size=\u00bbinitial\u00bb background_position=\u00bbtop_left\u00bb background_repeat=\u00bbrepeat\u00bb]<h4>C\u00f3mo Comprar<\/h4>\r[\/et_pb_text][et_pb_accordion admin_label=\u00bbAccordion Como Comprar\u00bb _builder_version=\u00bb3.0.47&#8243;][et_pb_accordion_item title=\u00bb\u00bfCu\u00e1les ser\u00edan los pasos para elegir el regalo ?\u00bb open=\u00bbon\u00bb _builder_version=\u00bb3.0.47&#8243; title_text_shadow_horizontal_length=\u00bb0em\u00bb title_text_shadow_vertical_length=\u00bb0em\u00bb title_text_shadow_blur_strength=\u00bb0em\u00bb closed_title_text_shadow_horizontal_length=\u00bb0em\u00bb closed_title_text_shadow_vertical_length=\u00bb0em\u00bb closed_title_text_shadow_blur_strength=\u00bb0em\u00bb]Le sugerimos hacer una navegaci\u00f3n r\u00e1pida por el cat\u00e1logo de la web y luego contactarnos. Con cierta informaci\u00f3n muy concreta que le pedimos podemos prepararle propuestas y presupuestos.\r[\/et_pb_accordion_item][et_pb_accordion_item title=\u00bb\u00bf En el momento de pensar en regalos qu\u00e9 debemos tener en cuenta ?\u00bb open=\u00bboff\u00bb _builder_version=\u00bb3.0.47&#8243; title_text_shadow_horizontal_length=\u00bb0em\u00bb title_text_shadow_vertical_length=\u00bb0em\u00bb title_text_shadow_blur_strength=\u00bb0em\u00bb closed_title_text_shadow_horizontal_length=\u00bb0em\u00bb closed_title_text_shadow_vertical_length=\u00bb0em\u00bb closed_title_text_shadow_blur_strength=\u00bb0em\u00bb]Hay un checklist simple que recorremos juntos: cantidad de regalos, d\u00f3nde deben ser entregados, si deben ser trasladados al interior, tipo de persona a qui\u00e9nes va dirigido, si son hombres o mujeres, y qu\u00e9 otro tipo de regalo han recibido anteriormente. Un punto muy importante es tener el listado de personas actualizado.\r[\/et_pb_accordion_item][et_pb_accordion_item title=\u00bb\u00bfEs posible cambiar alg\u00fan producto por otro que est\u00e1 en otro combo?\u00bb open=\u00bboff\u00bb _builder_version=\u00bb3.0.47&#8243; title_text_shadow_horizontal_length=\u00bb0em\u00bb title_text_shadow_vertical_length=\u00bb0em\u00bb title_text_shadow_blur_strength=\u00bb0em\u00bb closed_title_text_shadow_horizontal_length=\u00bb0em\u00bb closed_title_text_shadow_vertical_length=\u00bb0em\u00bb closed_title_text_shadow_blur_strength=\u00bb0em\u00bb]Los combos son flexibles. Le solicitamos comunicarse con nosotros para acordar en forma telef\u00f3nica el cambio de producto.\r[\/et_pb_accordion_item][et_pb_accordion_item title=\u00bb\u00bf Entregan muestras ?\u00bb open=\u00bboff\u00bb _builder_version=\u00bb3.0.47&#8243; title_text_shadow_horizontal_length=\u00bb0em\u00bb title_text_shadow_vertical_length=\u00bb0em\u00bb title_text_shadow_blur_strength=\u00bb0em\u00bb closed_title_text_shadow_horizontal_length=\u00bb0em\u00bb closed_title_text_shadow_vertical_length=\u00bb0em\u00bb closed_title_text_shadow_blur_strength=\u00bb0em\u00bb]Consideramos que es muy importante que nuestros clientes puedan ver los productos y el packaging asi que lo que hacemos habitualmente es agendar reuniones para poder mostrarles todas las alternativas.\r[\/et_pb_accordion_item][\/et_pb_accordion][\/et_pb_column][et_pb_column type=\u00bb1_3&#8243; _builder_version=\u00bb3.0.47&#8243;][et_pb_text admin_label=\u00bbText\u00bb _builder_version=\u00bb3.0.74&#8243; background_size=\u00bbinitial\u00bb background_position=\u00bbtop_left\u00bb background_repeat=\u00bbrepeat\u00bb]<h4>Sobre la presentaci\u00f3n el env\u00edo<\/h4>\r[\/et_pb_text][et_pb_accordion admin_label=\u00bbAccordion Envios\u00bb _builder_version=\u00bb3.0.47&#8243;][et_pb_accordion_item title=\u00bb\u00bfPuedo adjuntar a mi compra una tarjeta de regalo? \u00bfD\u00f3nde escribo el mensaje?\u00bb open=\u00bbon\u00bb _builder_version=\u00bb3.0.47&#8243; title_text_shadow_horizontal_length=\u00bb0em\u00bb title_text_shadow_vertical_length=\u00bb0em\u00bb title_text_shadow_blur_strength=\u00bb0em\u00bb closed_title_text_shadow_horizontal_length=\u00bb0em\u00bb closed_title_text_shadow_vertical_length=\u00bb0em\u00bb closed_title_text_shadow_blur_strength=\u00bb0em\u00bb]En Templura tenemos tarjetas especialmente dise\u00f1adas para adjuntarla a su env\u00edo. Tambi\u00e9n podemos incluir la tarjeta que Usted desee hacernos llegar.\r[\/et_pb_accordion_item][et_pb_accordion_item title=\u00bb\u00bfPuedo adjuntar a mi compra una tarjeta de regalo? \u00bfD\u00f3nde escribo el mensaje?\u00bb open=\u00bboff\u00bb _builder_version=\u00bb3.0.47&#8243; title_text_shadow_horizontal_length=\u00bb0em\u00bb title_text_shadow_vertical_length=\u00bb0em\u00bb title_text_shadow_blur_strength=\u00bb0em\u00bb closed_title_text_shadow_horizontal_length=\u00bb0em\u00bb closed_title_text_shadow_vertical_length=\u00bb0em\u00bb closed_title_text_shadow_blur_strength=\u00bb0em\u00bb]<span style=\"color: #666666;\">En <b>Templura<\/b> tenemos tarjetas especialmente dise\u00f1adas para adjuntarla a su env\u00edo. Ll\u00e1menos por favor al <b>(011) 5917 5230<\/b> para dictarnos su mensaje.<\/span>\r[\/et_pb_accordion_item][et_pb_accordion_item title=\u00bb\u00bf Qu\u00e9 opciones ofrecen en presentaci\u00f3n y packaging de los regalos ?\u00bb open=\u00bboff\u00bb _builder_version=\u00bb3.0.47&#8243; title_text_shadow_horizontal_length=\u00bb0em\u00bb title_text_shadow_vertical_length=\u00bb0em\u00bb title_text_shadow_blur_strength=\u00bb0em\u00bb closed_title_text_shadow_horizontal_length=\u00bb0em\u00bb closed_title_text_shadow_vertical_length=\u00bb0em\u00bb closed_title_text_shadow_blur_strength=\u00bb0em\u00bb]Dependiendo del regalo elegido, podemos recomendar el packaging mas adecuado: cajas de diferentes materiales, latas o bolsas.\r[\/et_pb_accordion_item][et_pb_accordion_item title=\u00bb\u00bf Qui\u00e9n entrega los regalos ? \u00bf En que localidades distribuyen ?\u00bb open=\u00bboff\u00bb _builder_version=\u00bb3.0.47&#8243; title_text_shadow_horizontal_length=\u00bb0em\u00bb title_text_shadow_vertical_length=\u00bb0em\u00bb title_text_shadow_blur_strength=\u00bb0em\u00bb closed_title_text_shadow_horizontal_length=\u00bb0em\u00bb closed_title_text_shadow_vertical_length=\u00bb0em\u00bb closed_title_text_shadow_blur_strength=\u00bb0em\u00bb]Personal mismo de Templura cuando se trata de entregas en CF o GBA y empresas de transporte con las que tenemos acuerdo cuando se trata del interior del pa\u00eds. Cubrimos tanto CF como GBA y las ciudades mas grandes del pa\u00eds o localidades mas alejadas con OCA.\r[\/et_pb_accordion_item][et_pb_accordion_item title=\u00bb\u00bfC\u00f3mo se arman los listados de los regalos ?\u00bb open=\u00bboff\u00bb _builder_version=\u00bb3.0.47&#8243; title_text_shadow_horizontal_length=\u00bb0em\u00bb title_text_shadow_vertical_length=\u00bb0em\u00bb title_text_shadow_blur_strength=\u00bb0em\u00bb closed_title_text_shadow_horizontal_length=\u00bb0em\u00bb closed_title_text_shadow_vertical_length=\u00bb0em\u00bb closed_title_text_shadow_blur_strength=\u00bb0em\u00bb]En el caso que prefiera que nosotros nos encarguemos de la entrega, le enviaremos una planilla para que complete lo necesario para que la entrega sea posible en el menor tiempo y la mejor forma.\r[\/et_pb_accordion_item][\/et_pb_accordion][\/et_pb_column][\/et_pb_row][\/et_pb_section]\n","protected":false},"excerpt":{"rendered":"<p>Preguntas Frecuentes Sobre los\u00a0Regalos Las propuestas de regalos que ofrecemos est\u00e1n dirigidas exclusivamente al segmento corporativo. Esto significa que no ofrecemos venta de regalos de forma particular o por unidad. Objetos de calidad relacionados con el disfrute, el tiempo libre, los viajes y la decoraci\u00f3n y regalos gourmet en una gran variedad, muchas veces acompa\u00f1ados [&hellip;]<\/p>\n","protected":false},"author":2,"featured_media":0,"parent":0,"menu_order":0,"comment_status":"closed","ping_status":"closed","template":"","meta":{"_et_pb_use_builder":"on","_et_pb_old_content":"","_et_gb_content_width":"","footnotes":""},"class_list":["post-12582","page","type-page","status-publish","hentry"],"_links":{"self":[{"href":"https:\/\/templura.com\/tienda\/wp-json\/wp\/v2\/pages\/12582","targetHints":{"allow":["GET"]}}],"collection":[{"href":"https:\/\/templura.com\/tienda\/wp-json\/wp\/v2\/pages"}],"about":[{"href":"https:\/\/templura.com\/tienda\/wp-json\/wp\/v2\/types\/page"}],"author":[{"embeddable":true,"href":"https:\/\/templura.com\/tienda\/wp-json\/wp\/v2\/users\/2"}],"replies":[{"embeddable":true,"href":"https:\/\/templura.com\/tienda\/wp-json\/wp\/v2\/comments?post=12582"}],"version-history":[{"count":4,"href":"https:\/\/templura.com\/tienda\/wp-json\/wp\/v2\/pages\/12582\/revisions"}],"predecessor-version":[{"id":13886,"href":"https:\/\/templura.com\/tienda\/wp-json\/wp\/v2\/pages\/12582\/revisions\/13886"}],"wp:attachment":[{"href":"https:\/\/templura.com\/tienda\/wp-json\/wp\/v2\/media?parent=12582"}],"curies":[{"name":"wp","href":"https:\/\/api.w.org\/{rel}","templated":true}]}}