{"id":12594,"date":"2019-06-23T02:09:46","date_gmt":"2019-06-23T05:09:46","guid":{"rendered":"https:\/\/templura.com\/tienda\/?page_id=12594"},"modified":"2020-03-19T15:54:26","modified_gmt":"2020-03-19T18:54:26","slug":"encuentros-corporativos","status":"publish","type":"page","link":"https:\/\/templura.com\/tienda\/encuentros-corporativos\/","title":{"rendered":"Encuentros Corporativos"},"content":{"rendered":"<p>[et_pb_section fb_built=\u00bb1&#8243; fullwidth=\u00bbon\u00bb _builder_version=\u00bb3.22.5&#8243; background_image=\u00bbhttps:\/\/templura.com\/tienda\/wp-content\/uploads\/2019\/06\/bg_encuentros.png\u00bb parallax=\u00bbon\u00bb fb_built=\u00bb1&#8243; _i=\u00bb0&#8243; _address=\u00bb0&#8243;][et_pb_fullwidth_slider _builder_version=\u00bb3.27.2&#8243; body_font=\u00bb||||||||\u00bb background_image=\u00bbhttps:\/\/templura.com\/tienda\/wp-content\/uploads\/2019\/06\/coachinggg_principal.jpg\u00bb parallax=\u00bbon\u00bb _i=\u00bb0&#8243; _address=\u00bb0.0&#8243;][et_pb_slide heading=\u00bbPara colaboradores o para clientes\u00bb _builder_version=\u00bb3.22.5&#8243; _i=\u00bb0&#8243; _address=\u00bb0.0.0&#8243;]<\/p>\n<p>Talleres &#8211; Encuentro, con un eje tem\u00e1tico para desarrollar.<\/p>\n<p>[\/et_pb_slide][et_pb_slide _builder_version=\u00bb3.27.2&#8243; background_image=\u00bbhttps:\/\/templura.com\/tienda\/wp-content\/uploads\/2019\/08\/tags.png\u00bb background_enable_image=\u00bbon\u00bb background_size=\u00bbcontain\u00bb background_blend=\u00bboverlay\u00bb hover_enabled=\u00bb0&#8243; _i=\u00bb1&#8243; _address=\u00bb0.0.1&#8243;][\/et_pb_slide][et_pb_slide heading=\u00bbTransformarnos en colaboradores m\u00e1s felices, y como consecuencia a conformar empresas m\u00e1s exitosas.\u00bb _builder_version=\u00bb3.22.5&#8243; header_font=\u00bb||||||||\u00bb header_text_color=\u00bb#ffffff\u00bb header_font_size=\u00bb31px\u00bb body_font=\u00bb||||||||\u00bb background_image=\u00bbhttps:\/\/templura.com\/tienda\/wp-content\/uploads\/2019\/06\/empleados-1.jpg\u00bb _i=\u00bb2&#8243; _address=\u00bb0.0.2&#8243;][\/et_pb_slide][\/et_pb_fullwidth_slider][\/et_pb_section][et_pb_section fb_built=\u00bb1&#8243; _builder_version=\u00bb3.22.5&#8243; fb_built=\u00bb1&#8243; _i=\u00bb1&#8243; _address=\u00bb1&#8243;][et_pb_row _builder_version=\u00bb3.25&#8243; custom_margin=\u00bb||-48px\u00bb _i=\u00bb0&#8243; _address=\u00bb1.0&#8243;][et_pb_column type=\u00bb4_4&#8243; _builder_version=\u00bb3.25&#8243; custom_padding=\u00bb|||\u00bb custom_padding__hover=\u00bb|||\u00bb _i=\u00bb0&#8243; _address=\u00bb1.0.0&#8243;][et_pb_text _builder_version=\u00bb3.22.5&#8243; header_font=\u00bb||||||||\u00bb header_2_font=\u00bb||||||||\u00bb header_2_text_align=\u00bbcenter\u00bb _i=\u00bb0&#8243; _address=\u00bb1.0.0.0&#8243;]<\/p>\n<h2>Talleres &#8211; Encuentro: acercarse a los equipos de trabajo o clientes desde una PERSPECTIVA INNOVADORA<\/h2>\n<p>[\/et_pb_text][\/et_pb_column][\/et_pb_row][et_pb_row _builder_version=\u00bb3.25&#8243; min_height=\u00bb103px\u00bb _i=\u00bb1&#8243; _address=\u00bb1.1&#8243;][et_pb_column type=\u00bb4_4&#8243; _builder_version=\u00bb3.25&#8243; custom_padding=\u00bb|||\u00bb custom_padding__hover=\u00bb|||\u00bb _i=\u00bb0&#8243; _address=\u00bb1.1.0&#8243;][et_pb_text _builder_version=\u00bb3.22.5&#8243; text_font=\u00bb||||||||\u00bb text_orientation=\u00bbcenter\u00bb max_width=\u00bb70%\u00bb module_alignment=\u00bbcenter\u00bb min_height=\u00bb104px\u00bb custom_padding=\u00bb10px||0px|||\u00bb _i=\u00bb0&#8243; _address=\u00bb1.1.0.0&#8243;]<\/p>\n<p><span style=\"font-size: large;\">si realmente se espera que quienes forman parte de la organizaci\u00f3n sean quienes le dan forma al presente y futuro, que entiendan y asuman su Rol y quieran dejar su contribuci\u00f3n, hay que adentrarse en el \u201cindividuo\u201d, en su fuerza \u00fanica interior y alinearla a los objetivos de la empresa<\/span><\/p>\n<p>[\/et_pb_text][et_pb_text _builder_version=\u00bb3.22.5&#8243; text_font=\u00bb||||||||\u00bb text_orientation=\u00bbcenter\u00bb max_width=\u00bb70%\u00bb module_alignment=\u00bbcenter\u00bb min_height=\u00bb104px\u00bb custom_padding=\u00bb10px||0px|||\u00bb _i=\u00bb1&#8243; _address=\u00bb1.1.0.1&#8243;]<\/p>\n<p style=\"text-align: left;\">\n<p style=\"text-align: left;\"><span style=\"font-size: large; color: #f57a20;\">\u00bfPor qu\u00e9 adoptar esta pr\u00e1ctica en el \u00e1mbito laboral?<\/span><\/p>\n<p style=\"text-align: left;\"><span style=\"font-size: large;\">A partir de este trabajo en com\u00fan, buscamos generar conciencia de Wellness o bienestar corporativo, entendiendo que el mundo personal y el laboral es uno solo, cuanto m\u00e1s integrados y \u201camigos\u201d sean mas sustentable y s\u00f3lida ser\u00e1 la relaci\u00f3n entre colaboradores, y clientes.<\/span><\/p>\n<blockquote>\n<p style=\"text-align: left;\"><span style=\"font-size: large;\">Es una forma enriquecedora de profundizar v\u00ednculos personales y profesionales de los integrantes de una organizaci\u00f3n.<\/span><span style=\"font-size: 14px; text-align: center;\">\u00a0<\/span><\/p>\n<\/blockquote>\n<p>[\/et_pb_text][et_pb_text _builder_version=\u00bb3.22.5&#8243; text_font=\u00bb||||||||\u00bb text_orientation=\u00bbcenter\u00bb max_width=\u00bb70%\u00bb module_alignment=\u00bbcenter\u00bb min_height=\u00bb104px\u00bb custom_padding=\u00bb10px||0px|||\u00bb _i=\u00bb2&#8243; _address=\u00bb1.1.0.2&#8243;]<\/p>\n<p style=\"text-align: left;\">\n<p style=\"text-align: left;\">\n<h4 style=\"text-align: justify;\">Sobre nuestra propuesta de los Talleres<\/h4>\n<p style=\"text-align: justify;\">Estos son algunos de los ejes posibles que se desarrollan en los Encuentros<\/p>\n<p style=\"text-align: justify;\">\n<ol>\n<li style=\"text-align: justify;\"><span style=\"font-size: large;\"><a href=\"https:\/\/templura.com\/tienda\/encuentros-corporativos-taller-para-descubrir-y-desarrollar-el-liderazgo\/\">Taller para descubrir y desarrollar el<strong> liderazgo de cada individuo<\/strong><\/a><\/span><\/li>\n<li style=\"text-align: justify;\"><span style=\"font-size: large;\"><a href=\"https:\/\/templura.com\/tienda\/encuentros-corporativos-taller-para-el-cambio-en-la-organizacion\/\">Taller para el <strong>cambio en la organizaci\u00f3n<\/strong>. Aprender a pertenecer. Ser el cambio.<strong> \u00bfQu\u00e9 h\u00e1bitos y actitudes facilitan el cambio, y cu\u00e1les lo obstaculizan ?<\/strong>. De qu\u00e9 manera aliarnos con los procesos din\u00e1micos, sin oponer resistencia.<\/a><\/span><\/li>\n<li style=\"text-align: justify;\"><span style=\"font-size: large;\">T<a href=\"https:\/\/templura.com\/tienda\/encuentros-corporativos-taller-para-fortalecer-vinculos-en-equipos-de-trabajo\/\">aller para <strong>fortalecer v\u00ednculos en equipos de trabajo<\/strong>.<\/a> Propuestas pr\u00e1cticas para profundizar relaciones laborales.<\/span><\/li>\n<li style=\"text-align: justify;\"><span style=\"font-size: large;\"><a href=\"https:\/\/templura.com\/tienda\/encuentros-corporativos-taller-para-desarrollar-lideres-empaticos-y-compasivos\/\">Taller para desarrollarnos como <strong>L\u00edderes mas emp\u00e1ticos<\/strong> y compasivos<\/a> \u00bfC\u00f3mo ejercer un liderazgo humano, consciente y eficaz?<\/span><\/li>\n<li style=\"text-align: justify;\"><span style=\"font-size: large;\"><a href=\"https:\/\/templura.com\/tienda\/encuentros-corporativos-practicas-para-una-salud-integral-emocional-y-fisica\/\">Taller con <strong>Pr\u00e1cticas para una salud integral emocional y f\u00edsica<\/strong>.<\/a><\/span><\/li>\n<li style=\"text-align: justify;\"><span style=\"font-size: large;\">Taller para <strong>reconocer y gestionar las Emociones<\/strong><\/span><\/li>\n<li>Taller para <strong><a href=\"https:\/\/templura.com\/tienda\/encuentros-corporativos-cultivar-las-emociones-expansivas\/\">CULTIVAR LAS EMOCIONES EXPANSIVAS<\/a><\/strong>. El asombro \/ El entusiasmo \/ La inspiraci\u00f3n \/ La esperanza.<\/li>\n<li style=\"text-align: justify;\"><span style=\"font-size: large;\">Taller de cierre de a\u00f1o: <strong><a href=\"https:\/\/templura.com\/tienda\/encuentros-corporativos-taller-de-cierre-de-ano-elegir-la-paleta-de-colores-del-proximo-ciclo\/\">Elegir la paleta de colores del pr\u00f3ximo ciclo<\/a><\/strong><\/span><\/li>\n<\/ol>\n<p>[\/et_pb_text][\/et_pb_column][\/et_pb_row][\/et_pb_section][et_pb_section fb_built=\u00bb1&#8243; _builder_version=\u00bb3.22.5&#8243; fb_built=\u00bb1&#8243; _i=\u00bb2&#8243; _address=\u00bb2&#8243;][et_pb_row column_structure=\u00bb2_3,1_3&#8243; _builder_version=\u00bb3.25&#8243; background_color=\u00bb#f57a20&#8243; min_height=\u00bb74px\u00bb custom_margin=\u00bb|auto|29px|auto||\u00bb _i=\u00bb0&#8243; _address=\u00bb2.0&#8243;][et_pb_column type=\u00bb2_3&#8243; _builder_version=\u00bb3.25&#8243; custom_padding=\u00bb|||\u00bb custom_padding__hover=\u00bb|||\u00bb _i=\u00bb0&#8243; _address=\u00bb2.0.0&#8243;][et_pb_text _builder_version=\u00bb3.22.5&#8243; text_font=\u00bb||||||||\u00bb text_text_color=\u00bb#ffffff\u00bb header_font=\u00bb||||||||\u00bb header_text_align=\u00bbcenter\u00bb header_3_font=\u00bb||||||||\u00bb header_3_text_align=\u00bbleft\u00bb header_3_text_color=\u00bb#ffffff\u00bb header_3_line_height=\u00bb1.8em\u00bb custom_margin=\u00bb||0px|40px\u00bb custom_padding=\u00bb||0px\u00bb _i=\u00bb0&#8243; _address=\u00bb2.0.0.0&#8243;]<\/p>\n<h3>Cont\u00e1ctenos para saber mas<\/h3>\n<p>[\/et_pb_text][\/et_pb_column][et_pb_column type=\u00bb1_3&#8243; _builder_version=\u00bb3.25&#8243; custom_padding=\u00bb|||\u00bb custom_padding__hover=\u00bb|||\u00bb _i=\u00bb1&#8243; _address=\u00bb2.0.1&#8243;][et_pb_button button_url=\u00bbhttps:\/\/templura.com\/tienda\/contactenos\/\u00bb button_text=\u00bbContacto\u00bb _builder_version=\u00bb3.26.6&#8243; custom_button=\u00bbon\u00bb button_text_color=\u00bb#ffffff\u00bb button_font=\u00bb||||||||\u00bb _i=\u00bb0&#8243; _address=\u00bb2.0.1.0&#8243;][\/et_pb_button][\/et_pb_column][\/et_pb_row][et_pb_row _builder_version=\u00bb3.25&#8243; _i=\u00bb1&#8243; _address=\u00bb2.1&#8243;][et_pb_column type=\u00bb4_4&#8243; _builder_version=\u00bb3.25&#8243; custom_padding=\u00bb|||\u00bb custom_padding__hover=\u00bb|||\u00bb _i=\u00bb0&#8243; _address=\u00bb2.1.0&#8243;][et_pb_text _builder_version=\u00bb3.22.5&#8243; _i=\u00bb0&#8243; _address=\u00bb2.1.0.0&#8243;]<\/p>\n<h4>\u00bfPor qu\u00e9 esta iniciativa?<\/h4>\n<h4>Creemos que es un aporte al desarrollo individual dentro de las empresas. Es una forma de \u201cregalar\u201d tiempo, generar v\u00ednculos fuertes, reconocer el potencial que cada uno de nosotros tenemos, y vivir m\u00e1s agradecidos.<\/h4>\n<p>Creemos que es necesario y valioso para todos ya que contribuye a transformarnos en colaboradores m\u00e1s felices, y como consecuencia a conformar empresas m\u00e1s exitosas.<\/p>\n<p>Proponemos dedicarle espacio y energ\u00eda a temas clave que todos atravesamos como personas y que \u201catender esas necesidades individuales\u201d hace que podamos encontrar mejores formas de encajar en este mundo que se ha acelerado.<\/p>\n<p>[\/et_pb_text][\/et_pb_column][\/et_pb_row][et_pb_row column_structure=\u00bb1_3,1_3,1_3&#8243; _builder_version=\u00bb3.25&#8243; _i=\u00bb2&#8243; _address=\u00bb2.2&#8243;][et_pb_column type=\u00bb1_3&#8243; _builder_version=\u00bb3.25&#8243; custom_padding=\u00bb|||\u00bb custom_padding__hover=\u00bb|||\u00bb _i=\u00bb0&#8243; _address=\u00bb2.2.0&#8243;][et_pb_image src=\u00bbhttps:\/\/templura.com\/tienda\/wp-content\/uploads\/2019\/07\/fabiana-fondevila-Copy.jpg\u00bb _builder_version=\u00bb3.25.3&#8243; custom_padding=\u00bb|0px||180px||\u00bb _i=\u00bb0&#8243; _address=\u00bb2.2.0.0&#8243;][\/et_pb_image][\/et_pb_column][et_pb_column type=\u00bb1_3&#8243; _builder_version=\u00bb3.25.3&#8243; _i=\u00bb1&#8243; _address=\u00bb2.2.1&#8243;][et_pb_text _builder_version=\u00bb3.22.5&#8243; width=\u00bb100%\u00bb custom_margin=\u00bb|-302px||||\u00bb custom_padding=\u00bb|||0px||\u00bb _i=\u00bb0&#8243; _address=\u00bb2.2.1.0&#8243;]<\/p>\n<h5 class=\"p1\"><span class=\"s1\"><b>Sobre Fabiana Fondevila<\/b>, quien dicta estos talleres para empresas junto a Templura<\/span><\/h5>\n<p class=\"p1\"><span class=\"s1\">Hoy brinda cursos y talleres en los que invita a recuperar el sentido profundo y la vitalidad, recuperando emociones esenciales como el asombro, la pasi\u00f3n, la alegr\u00eda, la gratitud y la profundizaci\u00f3n de los v\u00ednculos.<\/span><\/p>\n<p class=\"p1\"><span class=\"s1\">Dicta conferencias sobre estas ideas y experiencias en \u00e1mbitos educativos y de salud, y ense\u00f1a pr\u00e1cticas individuales y colectivas para propiciar el crecimiento personal, la valoraci\u00f3n y la convivencia.<\/span><\/p>\n<p class=\"p1\"><span class=\"s1\">Autora del libro \u201cDonde vive el Asombro\u201d publicado en 2018, es columnista del Diario La Naci\u00f3n.<\/span><\/p>\n<p>[\/et_pb_text][\/et_pb_column][et_pb_column type=\u00bb1_3&#8243; _builder_version=\u00bb3.25&#8243; custom_padding=\u00bb|||\u00bb custom_padding__hover=\u00bb|||\u00bb _i=\u00bb2&#8243; _address=\u00bb2.2.2&#8243;][\/et_pb_column][\/et_pb_row][et_pb_row _builder_version=\u00bb3.25&#8243; _i=\u00bb3&#8243; _address=\u00bb2.3&#8243;][et_pb_column type=\u00bb4_4&#8243; _builder_version=\u00bb3.25&#8243; custom_padding=\u00bb|||\u00bb custom_padding__hover=\u00bb|||\u00bb _i=\u00bb0&#8243; _address=\u00bb2.3.0&#8243;][et_pb_text _builder_version=\u00bb3.22.5&#8243; _i=\u00bb0&#8243; _address=\u00bb2.3.0.0&#8243;]<\/p>\n<h4>\u00bfPor qu\u00e9 se unen Fabiana Fondevila y Templura para ofrecer estas propuestas a empresas?<\/h4>\n<p>Desde Templura queremos profundizar la intenci\u00f3n regalar, de fidelizar, de agradecer que puede tener una empresa con sus empleados y sus clientes. Hasta ahora nos hemos dedicado a acciones cuyo resultado se traduc\u00eda en la entrega de un Regalo tangible, esta nueva propuesta busca profundizar ese acercamiento, pero a trav\u00e9s de una experiencia, que dejara sus huellas a nivel personal.<\/p>\n<p>Fabiana Fondevila propone estos encuentros desde 2010 a personas que se sienten atra\u00eddas ante diferentes tem\u00e1ticas. Hoy mas de 1.100 personas han participado de sus de sus iniciativas.<\/p>\n<p>[\/et_pb_text][\/et_pb_column][\/et_pb_row][et_pb_row column_structure=\u00bb2_3,1_3&#8243; _builder_version=\u00bb3.25&#8243; background_color=\u00bb#f57a20&#8243; min_height=\u00bb74px\u00bb custom_margin=\u00bb|auto|29px|auto||\u00bb _i=\u00bb4&#8243; _address=\u00bb2.4&#8243;][et_pb_column type=\u00bb2_3&#8243; _builder_version=\u00bb3.25&#8243; custom_padding=\u00bb|||\u00bb custom_padding__hover=\u00bb|||\u00bb _i=\u00bb0&#8243; _address=\u00bb2.4.0&#8243;][et_pb_text _builder_version=\u00bb3.22.5&#8243; text_font=\u00bb||||||||\u00bb text_text_color=\u00bb#ffffff\u00bb header_font=\u00bb||||||||\u00bb header_text_align=\u00bbcenter\u00bb header_3_font=\u00bb||||||||\u00bb header_3_text_align=\u00bbleft\u00bb header_3_text_color=\u00bb#ffffff\u00bb header_3_line_height=\u00bb1.8em\u00bb custom_margin=\u00bb||0px|40px\u00bb custom_padding=\u00bb||0px\u00bb _i=\u00bb0&#8243; _address=\u00bb2.4.0.0&#8243;]<\/p>\n<h3>Cont\u00e1ctenos para saber mas<\/h3>\n<p>[\/et_pb_text][\/et_pb_column][et_pb_column type=\u00bb1_3&#8243; _builder_version=\u00bb3.25&#8243; custom_padding=\u00bb|||\u00bb custom_padding__hover=\u00bb|||\u00bb _i=\u00bb1&#8243; _address=\u00bb2.4.1&#8243;][et_pb_button button_url=\u00bbhttps:\/\/templura.com\/tienda\/contactenos\/\u00bb button_text=\u00bbContacto\u00bb _builder_version=\u00bb3.26.6&#8243; custom_button=\u00bbon\u00bb button_text_color=\u00bb#ffffff\u00bb button_font=\u00bb||||||||\u00bb _i=\u00bb0&#8243; _address=\u00bb2.4.1.0&#8243;][\/et_pb_button][\/et_pb_column][\/et_pb_row][\/et_pb_section]<\/p>\n","protected":false},"excerpt":{"rendered":"<p>Talleres &#8211; Encuentro, con un eje tem\u00e1tico para desarrollar. Talleres &#8211; Encuentro: acercarse a los equipos de trabajo o clientes desde una PERSPECTIVA INNOVADORA si realmente se espera que quienes forman parte de la organizaci\u00f3n sean quienes le dan forma al presente y futuro, que entiendan y asuman su Rol y quieran dejar su contribuci\u00f3n, [&hellip;]<\/p>\n","protected":false},"author":2,"featured_media":0,"parent":0,"menu_order":0,"comment_status":"closed","ping_status":"closed","template":"","meta":{"_et_pb_use_builder":"on","_et_pb_old_content":"","_et_gb_content_width":"","footnotes":""},"class_list":["post-12594","page","type-page","status-publish","hentry"],"_links":{"self":[{"href":"https:\/\/templura.com\/tienda\/wp-json\/wp\/v2\/pages\/12594","targetHints":{"allow":["GET"]}}],"collection":[{"href":"https:\/\/templura.com\/tienda\/wp-json\/wp\/v2\/pages"}],"about":[{"href":"https:\/\/templura.com\/tienda\/wp-json\/wp\/v2\/types\/page"}],"author":[{"embeddable":true,"href":"https:\/\/templura.com\/tienda\/wp-json\/wp\/v2\/users\/2"}],"replies":[{"embeddable":true,"href":"https:\/\/templura.com\/tienda\/wp-json\/wp\/v2\/comments?post=12594"}],"version-history":[{"count":14,"href":"https:\/\/templura.com\/tienda\/wp-json\/wp\/v2\/pages\/12594\/revisions"}],"predecessor-version":[{"id":13780,"href":"https:\/\/templura.com\/tienda\/wp-json\/wp\/v2\/pages\/12594\/revisions\/13780"}],"wp:attachment":[{"href":"https:\/\/templura.com\/tienda\/wp-json\/wp\/v2\/media?parent=12594"}],"curies":[{"name":"wp","href":"https:\/\/api.w.org\/{rel}","templated":true}]}}