{"id":14237,"date":"2020-06-08T19:26:10","date_gmt":"2020-06-08T22:26:10","guid":{"rendered":"https:\/\/templura.com\/tienda\/?page_id=14237"},"modified":"2020-06-08T19:27:29","modified_gmt":"2020-06-08T22:27:29","slug":"como-comprar-quesos-y-fiambres-con-delivery","status":"publish","type":"page","link":"https:\/\/templura.com\/tienda\/como-comprar-quesos-y-fiambres-con-delivery\/","title":{"rendered":"Como comprar quesos y fiambres con delivery"},"content":{"rendered":"<p>[et_pb_section fb_built=\u00bb1&#8243; admin_label=\u00bbsection\u00bb _builder_version=\u00bb3.22.3&#8243;][et_pb_row _builder_version=\u00bb3.25&#8243;][et_pb_column type=\u00bb4_4&#8243; _builder_version=\u00bb3.25&#8243; custom_padding=\u00bb|||\u00bb custom_padding__hover=\u00bb|||\u00bb][et_pb_text _builder_version=\u00bb3.27.4&#8243; header_font=\u00bb|||on|||||\u00bb header_text_align=\u00bbcenter\u00bb custom_margin=\u00bb30px||0px\u00bb custom_padding=\u00bb||10px\u00bb border_width_bottom=\u00bb3px\u00bb border_color_bottom=\u00bb#e02b20&#8243;]<\/p>\n<h1>PREGUNTAS FRECUENTES<\/h1>\n<p>[\/et_pb_text][\/et_pb_column][\/et_pb_row][et_pb_row column_structure=\u00bb1_3,1_3,1_3&#8243; admin_label=\u00bbrow\u00bb module_id=\u00bbfaqs\u00bb _builder_version=\u00bb4.0.10&#8243; background_size=\u00bbinitial\u00bb background_position=\u00bbtop_left\u00bb background_repeat=\u00bbrepeat\u00bb][et_pb_column type=\u00bb1_3&#8243; _builder_version=\u00bb3.25&#8243; custom_padding=\u00bb|||\u00bb custom_padding__hover=\u00bb|||\u00bb][et_pb_text admin_label=\u00bbText\u00bb _builder_version=\u00bb3.27.4&#8243; background_size=\u00bbinitial\u00bb background_position=\u00bbtop_left\u00bb background_repeat=\u00bbrepeat\u00bb]<\/p>\n<h4>Sobre los\u00a0Regalos<\/h4>\n<p>[\/et_pb_text][et_pb_accordion admin_label=\u00bbAccordion Sobre los Productos\u00bb _builder_version=\u00bb3.0.47&#8243;][et_pb_accordion_item title=\u00bb\u00bf Para qui\u00e9nes son los regalos de Templura ?\u00bb open=\u00bbon\u00bb _builder_version=\u00bb3.0.47&#8243;]Las propuestas de regalos que ofrecemos est\u00e1n dirigidas exclusivamente al segmento corporativo. Esto significa que no ofrecemos venta de regalos de forma particular o por unidad.<br \/>\n[\/et_pb_accordion_item][et_pb_accordion_item title=\u00bb\u00bf Qu\u00e9 tipo de regalos ofrecemos ?\u00bb _builder_version=\u00bb3.0.47&#8243; open=\u00bboff\u00bb]Objetos de calidad relacionados con el disfrute, el tiempo libre, los viajes y la decoraci\u00f3n y regalos gourmet en una gran variedad, muchas veces acompa\u00f1ados de vinos o champagne.<br \/>\n[\/et_pb_accordion_item][et_pb_accordion_item title=\u00bb\u00bfC\u00f3mo trabajamos para ofrecer la mejor alternativa en funci\u00f3n de la necesidad de su empresa ?\u00bb _builder_version=\u00bb3.0.47&#8243; open=\u00bboff\u00bb]En la web puede recorrer opciones de combos ya armados, pero lo mas frecuente es que nuestros clientes nos expliquen su necesidad y nosotros nos encargamos de acercarle diferentes propuestas contemplando el presupuesto disponible.<br \/>\n[\/et_pb_accordion_item][et_pb_accordion_item title=\u00bb\u00bf Se puede aplicar el logo ? \u00bb _builder_version=\u00bb3.0.47&#8243; open=\u00bboff\u00bb]Muchos de nuestros clientes eligen grabar el logo de su empresa ya sea en cajas de cart\u00f3n hechas especialmente, bandejas de madera o cajas, objetos de cer\u00e1mica como cuencos, dips o tazas.<br \/>\n[\/et_pb_accordion_item][et_pb_accordion_item title=\u00bb\u00bf Qu\u00e9 pueden contener los regalos gourmet ?\u00bb _builder_version=\u00bb3.0.47&#8243; open=\u00bboff\u00bb]Productos envasados como aceitunas a la italiana, hongos ahumados, ciervo, trucha, jabal\u00ed en escabeche, pates de cordero, ciervo, salm\u00f3n, trucha. Mostazas de hongos, o tomates. Pasta de aceitunas verdes y negras. Diferentes blends de te verde y te negro. Dulces de frutos rojos o de peras y canela. Galletitas gourmet de queso y nuez, biscotti italianos con almendras y pasas de uva, diversos chocolates.<br \/>\nPor su puesto los regalos pueden incluir vinos o champagne de diferentes bodegas.<br \/>\nTambi\u00e9n armamos propuestas que contienen quesos y fiambres. En este caso hay que entender bien a qui\u00e9n va dirigido el regalo y d\u00f3nde est\u00e1 ubicado el destinatario como para saber qu\u00e9 tipo de productos incluir.<br \/>\n[\/et_pb_accordion_item][et_pb_accordion_item title=\u00bb\u00bf Hacen tablas de picadas de quesos y fiambres ?\u00bb _builder_version=\u00bb3.0.47&#8243; open=\u00bboff\u00bb]Si, combinamos todos los productos que ofrecemos en tablas muy completas, que son bienvenidas por los agasajados.<br \/>\n[\/et_pb_accordion_item][et_pb_accordion_item title=\u00bb\u00bfQu\u00e9 garant\u00edas de sanidad tienen los productos de Templura?\u00bb _builder_version=\u00bb3.0.47&#8243; open=\u00bboff\u00bb]Todos los productos que ofrecemos cuentan con las habilitaciones correspondientes para su comercializaci\u00f3n y consumo. Est\u00e1n habilitados por el S.E.N.A.S.A., todos poseen fecha de vencimiento y son almacenados de acuerdo a lo requerido para su \u00f3ptima preservaci\u00f3n.<br \/>\n[\/et_pb_accordion_item][\/et_pb_accordion][\/et_pb_column][et_pb_column type=\u00bb1_3&#8243; _builder_version=\u00bb3.25&#8243; custom_padding=\u00bb|||\u00bb custom_padding__hover=\u00bb|||\u00bb][et_pb_text admin_label=\u00bbText\u00bb _builder_version=\u00bb3.27.4&#8243; background_size=\u00bbinitial\u00bb background_position=\u00bbtop_left\u00bb background_repeat=\u00bbrepeat\u00bb]<\/p>\n<h4>C\u00f3mo Comprar<\/h4>\n<p>[\/et_pb_text][et_pb_accordion admin_label=\u00bbAccordion Como Comprar\u00bb _builder_version=\u00bb3.0.47&#8243;][et_pb_accordion_item title=\u00bb\u00bfCu\u00e1les ser\u00edan los pasos para elegir el regalo ?\u00bb open=\u00bbon\u00bb _builder_version=\u00bb3.22.5&#8243;]Le sugerimos hacer una navegaci\u00f3n r\u00e1pida por el cat\u00e1logo de la web y luego contactarnos. Con cierta informaci\u00f3n muy concreta que le pedimos podemos prepararle propuestas y presupuestos.<br \/>\n[\/et_pb_accordion_item][et_pb_accordion_item title=\u00bb\u00bf En el momento de pensar en regalos qu\u00e9 debemos tener en cuenta ?\u00bb _builder_version=\u00bb3.0.47&#8243; open=\u00bboff\u00bb]Hay un checklist simple que recorremos juntos: cantidad de regalos, d\u00f3nde deben ser entregados, si deben ser trasladados al interior, tipo de persona a qui\u00e9nes va dirigido, si son hombres o mujeres, y qu\u00e9 otro tipo de regalo han recibido anteriormente. Un punto muy importante es tener el listado de personas actualizado.<br \/>\n[\/et_pb_accordion_item][et_pb_accordion_item title=\u00bb\u00bfEs posible cambiar alg\u00fan producto por otro que est\u00e1 en otro combo?\u00bb _builder_version=\u00bb3.0.47&#8243; open=\u00bboff\u00bb]Los combos son flexibles. Le solicitamos comunicarse con nosotros para acordar en forma telef\u00f3nica el cambio de producto.<br \/>\n[\/et_pb_accordion_item][et_pb_accordion_item title=\u00bb\u00bf Entregan muestras ?\u00bb _builder_version=\u00bb3.0.47&#8243; open=\u00bboff\u00bb]Consideramos que es muy importante que nuestros clientes puedan ver los productos y el packaging asi que lo que hacemos habitualmente es agendar reuniones para poder mostrarles todas las alternativas.<br \/>\n[\/et_pb_accordion_item][\/et_pb_accordion][\/et_pb_column][et_pb_column type=\u00bb1_3&#8243; _builder_version=\u00bb3.25&#8243; custom_padding=\u00bb|||\u00bb custom_padding__hover=\u00bb|||\u00bb][et_pb_text admin_label=\u00bbText\u00bb _builder_version=\u00bb3.27.4&#8243; background_size=\u00bbinitial\u00bb background_position=\u00bbtop_left\u00bb background_repeat=\u00bbrepeat\u00bb]<\/p>\n<h4>Sobre la presentaci\u00f3n el env\u00edo<\/h4>\n<p>[\/et_pb_text][et_pb_accordion admin_label=\u00bbAccordion Envios\u00bb _builder_version=\u00bb3.0.47&#8243;][et_pb_accordion_item title=\u00bb\u00bfPuedo adjuntar a mi compra una tarjeta de regalo? \u00bfD\u00f3nde escribo el mensaje?\u00bb open=\u00bbon\u00bb _builder_version=\u00bb3.0.47&#8243;]En Templura tenemos tarjetas especialmente dise\u00f1adas para adjuntarla a su env\u00edo. Tambi\u00e9n podemos incluir la tarjeta que Usted desee hacernos llegar.<br \/>\n[\/et_pb_accordion_item][et_pb_accordion_item title=\u00bb\u00bfPuedo adjuntar a mi compra una tarjeta de regalo? \u00bfD\u00f3nde escribo el mensaje?\u00bb _builder_version=\u00bb3.0.47&#8243; open=\u00bboff\u00bb]<span style=\"color: #666666;\">En <b>Templura<\/b> tenemos tarjetas especialmente dise\u00f1adas para adjuntarla a su env\u00edo. Ll\u00e1menos por favor al <b>(011) 5917 5230<\/b> para dictarnos su mensaje.<\/span><br \/>\n[\/et_pb_accordion_item][et_pb_accordion_item title=\u00bb\u00bf Qu\u00e9 opciones ofrecen en presentaci\u00f3n y packaging de los regalos ?\u00bb _builder_version=\u00bb3.0.47&#8243; open=\u00bboff\u00bb]Dependiendo del regalo elegido, podemos recomendar el packaging mas adecuado: cajas de diferentes materiales, latas o bolsas.<br \/>\n[\/et_pb_accordion_item][et_pb_accordion_item title=\u00bb\u00bf Qui\u00e9n entrega los regalos ? \u00bf En que localidades distribuyen ?\u00bb _builder_version=\u00bb3.0.47&#8243; open=\u00bboff\u00bb]Personal mismo de Templura cuando se trata de entregas en CF o GBA y empresas de transporte con las que tenemos acuerdo cuando se trata del interior del pa\u00eds. Cubrimos tanto CF como GBA y las ciudades mas grandes del pa\u00eds o localidades mas alejadas con OCA.<br \/>\n[\/et_pb_accordion_item][et_pb_accordion_item title=\u00bb\u00bfC\u00f3mo se arman los listados de los regalos ?\u00bb _builder_version=\u00bb3.0.47&#8243; open=\u00bboff\u00bb]En el caso que prefiera que nosotros nos encarguemos de la entrega, le enviaremos una planilla para que complete lo necesario para que la entrega sea posible en el menor tiempo y la mejor forma.<br \/>\n[\/et_pb_accordion_item][\/et_pb_accordion][\/et_pb_column][\/et_pb_row][\/et_pb_section]<\/p>\n","protected":false},"excerpt":{"rendered":"<p>PREGUNTAS FRECUENTESSobre los\u00a0Regalos Las propuestas de regalos que ofrecemos est\u00e1n dirigidas exclusivamente al segmento corporativo. Esto significa que no ofrecemos venta de regalos de forma particular o por unidad. Objetos de calidad relacionados con el disfrute, el tiempo libre, los viajes y la decoraci\u00f3n y regalos gourmet en una gran variedad, muchas veces acompa\u00f1ados de [&hellip;]<\/p>\n","protected":false},"author":11,"featured_media":0,"parent":0,"menu_order":0,"comment_status":"open","ping_status":"closed","template":"","meta":{"_et_pb_use_builder":"on","_et_pb_old_content":"[vc_row][vc_column width=\"1\/1\"][mk_fancy_title tag_name=\"h1\" style=\"false\" color=\"#222222\" size=\"24\" font_weight=\"inhert\" margin_top=\"10\" margin_bottom=\"20\" font_family=\"none\" align=\"left\" width=\"1\/1\" el_position=\"first last\"]Frequently Asked Questions[\/mk_fancy_title][mk_fancy_title tag_name=\"h1\" style=\"false\" color=\"#888888\" size=\"13\" font_weight=\"normal\" margin_top=\"0\" margin_bottom=\"30\" font_family=\"none\" align=\"left\" width=\"1\/1\" el_position=\"first last\"]Select a question below to find the answer[\/mk_fancy_title][mk_padding_divider size=\"30\" width=\"1\/1\" el_position=\"first last\"][mk_faq style=\"fancy\" sortable=\"true\" offset=\"10\" order=\"ASC\" orderby=\"menu_order\" width=\"1\/1\" el_position=\"first last\"][mk_padding_divider size=\"50\" width=\"1\/1\" el_position=\"first last\"][mk_fancy_title tag_name=\"h1\" style=\"false\" color=\"#222222\" size=\"20\" font_weight=\"normal\" margin_top=\"0\" margin_bottom=\"40\" font_family=\"none\" align=\"center\" width=\"1\/1\" el_position=\"first last\"]No helpful answer? Here are some options[\/mk_fancy_title][\/vc_column][\/vc_row][vc_row][vc_column width=\"1\/2\"][mk_icon_box title=\"Support forum\" text_size=\"16\" font_weight=\"inhert\" read_more_txt=\"Go to forum\" icon=\"moon-bubble-6\" style=\"boxed\" icon_size=\"small\" icon_location=\"left\" circled=\"false\" icon_color=\"#ffffff\" icon_circle_color=\"#00c8d7\" box_blur=\"false\" margin=\"30\" width=\"1\/1\" el_position=\"first\" rounded_circle=\"false\"]Mauris rhoncus pretium porttitor. Cras scelerisque commodo odio. Phasellus dolor enim, faucibus egestas scelerisque.[\/mk_icon_box][\/vc_column][vc_column width=\"1\/2\"][mk_icon_box title=\"Contact Support\" text_size=\"16\" font_weight=\"inhert\" read_more_txt=\"Contact support\" icon=\"icon-medkit\" style=\"boxed\" icon_size=\"small\" icon_location=\"left\" circled=\"false\" icon_color=\"#ffffff\" icon_circle_color=\"#00c8d7\" box_blur=\"false\" margin=\"30\" width=\"1\/1\" el_position=\"last\" rounded_circle=\"false\"]Mauris rhoncus pretium porttitor. Cras scelerisque commodo odio. Phasellus dolor enim, faucibus egestas scelerisque.[\/mk_icon_box][\/vc_column][\/vc_row][vc_row][vc_column width=\"1\/1\"][mk_fancy_title tag_name=\"h1\" style=\"false\" color=\"#222222\" size=\"20\" font_weight=\"normal\" margin_top=\"50\" margin_bottom=\"40\" font_family=\"none\" align=\"center\" width=\"1\/1\" el_position=\"first last\"]Other saving Links[\/mk_fancy_title][mk_divider style=\"thin_solid\" divider_width=\"full_width\" margin_top=\"0\" margin_bottom=\"25\" width=\"1\/1\" el_position=\"first last\"][\/vc_column][\/vc_row][vc_row][vc_column width=\"1\/4\"][mk_fancy_title tag_name=\"h1\" style=\"false\" color=\"#393836\" size=\"14\" font_weight=\"inhert\" margin_top=\"0\" margin_bottom=\"18\" font_family=\"none\" align=\"left\" width=\"1\/1\" el_position=\"first\"]Helpful links[\/mk_fancy_title][\/vc_column][vc_column width=\"1\/4\"][mk_fancy_title tag_name=\"h1\" style=\"false\" color=\"#393836\" size=\"14\" font_weight=\"inhert\" margin_top=\"0\" margin_bottom=\"18\" font_family=\"none\" align=\"left\" width=\"1\/1\"]Getting Started[\/mk_fancy_title][\/vc_column][vc_column width=\"1\/4\"][mk_fancy_title tag_name=\"h1\" style=\"false\" color=\"#393836\" size=\"14\" font_weight=\"inhert\" margin_top=\"0\" margin_bottom=\"18\" font_family=\"none\" align=\"left\" width=\"1\/1\"]Contact support[\/mk_fancy_title][\/vc_column][vc_column width=\"1\/4\"][mk_fancy_title tag_name=\"h1\" style=\"false\" color=\"#393836\" size=\"14\" font_weight=\"inhert\" margin_top=\"0\" margin_bottom=\"18\" font_family=\"none\" align=\"left\" width=\"1\/1\" el_position=\"last\"]Contact support[\/mk_fancy_title][\/vc_column][\/vc_row][vc_row][vc_column width=\"1\/4\"][mk_custom_list style=\"e2af\" icon_color=\"#0bb697\" margin_bottom=\"30\" width=\"1\/1\" el_position=\"first\"]\n<ul>\n \t<li><a href=\"#\">Account Settings<\/a><\/li>\n \t<li><a href=\"#\">Social Sharing<\/a><\/li>\n \t<li><a href=\"#\">Your cart<\/a><\/li>\n \t<li><a href=\"#\">Terms of use<\/a><\/li>\n<\/ul>\n[\/mk_custom_list][\/vc_column][vc_column width=\"1\/4\"][mk_custom_list style=\"e2af\" icon_color=\"#0bb697\" margin_bottom=\"30\" width=\"1\/1\"]\n<ul>\n \t<li><a href=\"#\">System Requirements<\/a><\/li>\n \t<li><a href=\"#\">Why Sign Up?<\/a><\/li>\n \t<li><a href=\"#\">Navigation<\/a><\/li>\n \t<li><a href=\"#\">Organize videos<\/a><\/li>\n \t<li><a href=\"#\">Features<\/a><\/li>\n \t<li><a href=\"#\">Favorite section<\/a><\/li>\n<\/ul>\n[\/mk_custom_list][\/vc_column][vc_column width=\"1\/4\"][mk_custom_list style=\"e2af\" icon_color=\"#0bb697\" margin_bottom=\"30\" width=\"1\/1\"]\n<ul>\n \t<li><a href=\"#\">Call from a landline<\/a><\/li>\n \t<li><a href=\"#\">Toll free calls<\/a><\/li>\n \t<li><a href=\"#\">Premium membership<\/a><\/li>\n \t<li><a href=\"#\">Add our newsletter<\/a><\/li>\n \t<li><a href=\"#\">Report an issue<\/a><\/li>\n<\/ul>\n[\/mk_custom_list][\/vc_column][vc_column width=\"1\/4\"][mk_custom_list style=\"e2af\" icon_color=\"#0bb697\" margin_bottom=\"30\" width=\"1\/1\" el_position=\"last\"]\n<ul>\n \t<li><a href=\"#\">System Requirements<\/a><\/li>\n \t<li><a href=\"#\">Why Sign Up?<\/a><\/li>\n \t<li><a href=\"#\">Navigation<\/a><\/li>\n \t<li><a href=\"#\">Organize videos<\/a><\/li>\n \t<li><a href=\"#\">Features<\/a><\/li>\n \t<li><a href=\"#\">Favorite section<\/a><\/li>\n<\/ul>\n[\/mk_custom_list][\/vc_column][\/vc_row]","_et_gb_content_width":"","footnotes":""},"class_list":["post-14237","page","type-page","status-publish","hentry"],"_links":{"self":[{"href":"https:\/\/templura.com\/tienda\/wp-json\/wp\/v2\/pages\/14237","targetHints":{"allow":["GET"]}}],"collection":[{"href":"https:\/\/templura.com\/tienda\/wp-json\/wp\/v2\/pages"}],"about":[{"href":"https:\/\/templura.com\/tienda\/wp-json\/wp\/v2\/types\/page"}],"author":[{"embeddable":true,"href":"https:\/\/templura.com\/tienda\/wp-json\/wp\/v2\/users\/11"}],"replies":[{"embeddable":true,"href":"https:\/\/templura.com\/tienda\/wp-json\/wp\/v2\/comments?post=14237"}],"version-history":[{"count":2,"href":"https:\/\/templura.com\/tienda\/wp-json\/wp\/v2\/pages\/14237\/revisions"}],"predecessor-version":[{"id":14239,"href":"https:\/\/templura.com\/tienda\/wp-json\/wp\/v2\/pages\/14237\/revisions\/14239"}],"wp:attachment":[{"href":"https:\/\/templura.com\/tienda\/wp-json\/wp\/v2\/media?parent=14237"}],"curies":[{"name":"wp","href":"https:\/\/api.w.org\/{rel}","templated":true}]}}