{"id":41,"date":"2014-06-11T15:03:11","date_gmt":"2014-06-11T15:03:11","guid":{"rendered":"https:\/\/templura.com\/tienda\/?page_id=41"},"modified":"2019-01-10T08:54:43","modified_gmt":"2019-01-10T11:54:43","slug":"contactenos","status":"publish","type":"page","link":"https:\/\/templura.com\/tienda\/contactenos\/","title":{"rendered":"Cont\u00e1ctenos"},"content":{"rendered":"<p>[et_pb_section bb_built=\u00bb1&#8243; admin_label=\u00bbsection\u00bb transparent_background=\u00bboff\u00bb background_color=\u00bb#94943a\u00bb allow_player_pause=\u00bboff\u00bb inner_shadow=\u00bboff\u00bb parallax=\u00bboff\u00bb parallax_method=\u00bbon\u00bb custom_padding=\u00bb0px|0px|0px|0px\u00bb padding_mobile=\u00bboff\u00bb make_fullwidth=\u00bboff\u00bb use_custom_width=\u00bboff\u00bb width_unit=\u00bboff\u00bb custom_width_px=\u00bb1080px\u00bb custom_width_percent=\u00bb80%\u00bb make_equal=\u00bboff\u00bb use_custom_gutter=\u00bboff\u00bb fullwidth=\u00bboff\u00bb specialty=\u00bboff\u00bb module_id=\u00bbsop-bck-contacto\u00bb disabled=\u00bboff\u00bb custom_padding_tablet=\u00bb50px|0|50px|0&#8243; custom_padding_last_edited=\u00bbon|desktop\u00bb][et_pb_row make_fullwidth=\u00bboff\u00bb use_custom_width=\u00bboff\u00bb width_unit=\u00bbon\u00bb custom_width_px=\u00bb1080px\u00bb custom_width_percent=\u00bb80%\u00bb use_custom_gutter=\u00bboff\u00bb gutter_width=\u00bb3&#8243; padding_mobile=\u00bboff\u00bb custom_margin=\u00bb0px||0px|\u00bb allow_player_pause=\u00bboff\u00bb parallax=\u00bboff\u00bb parallax_method=\u00bboff\u00bb make_equal=\u00bboff\u00bb column_padding_mobile=\u00bbon\u00bb background_color_1=\u00bb#eb4b01&#8243; padding_top_1=\u00bb45px\u00bb padding_right_1=\u00bb45px\u00bb padding_bottom_1=\u00bb45px\u00bb padding_left_1=\u00bb45px\u00bb padding_top_2=\u00bb50px\u00bb parallax_1=\u00bboff\u00bb parallax_method_1=\u00bboff\u00bb parallax_2=\u00bboff\u00bb parallax_method_2=\u00bboff\u00bb parallax_3=\u00bboff\u00bb parallax_method_3=\u00bbon\u00bb parallax_4=\u00bboff\u00bb parallax_method_4=\u00bbon\u00bb disabled=\u00bboff\u00bb background_position=\u00bbtop_left\u00bb background_repeat=\u00bbrepeat\u00bb background_size=\u00bbinitial\u00bb][et_pb_column type=\u00bb1_2&#8243;][et_pb_code disabled=\u00bboff\u00bb]<\/p>\n<h3>CONT\u00c1CTENOS<\/h3>\n<p><!\u2013- [et_pb_br_holder] -\u2013> <pee><!-- Note : - You can modify the font style and form style to suit your website. - Code lines with comments \u201cDo not remove this code\u201d are required for the form to work properly, make sure that you do not remove these lines of code. - The Mandatory check script can modified as to suit your business needs. - It is important that you test the modified form before going live.--><\/pee><!\u2013- [et_pb_br_holder] -\u2013> <\/p>\n<div id=\"crmWebToEntityForm\" style=\"margin: auto;\"><!\u2013- [et_pb_br_holder] -\u2013> <\/p>\n<form accept-charset=\"UTF-8\" action=\"https:\/\/crm.zoho.com\/crm\/WebToLeadForm\" method=\"POST\" name=\"WebToLeads1916462000000180129\"><!-- Do not remove this code. --> <input style=\"display: none;\" name=\"xnQsjsdp\" type=\"text\" value=\"b1f8e0c4937799e38365eb9e522d9ecf7e25c20013bf42dc4b67813f3ccc2acf\" \/> <input id=\"zc_gad\" name=\"zc_gad\" type=\"hidden\" value=\"\" \/> <input style=\"display: none;\" name=\"xmIwtLD\" type=\"text\" value=\"1eafa3bfa96931a02af917799377940fc1f3e2d1a7e244c625ca857be6de4668\" \/><input style=\"display: none;\" name=\"actionType\" type=\"text\" value=\"TGVhZHM=\" \/> <input style=\"display: none;\" name=\"returnURL\" type=\"text\" value=\"https:\/\/templura.com\/tienda\/gracias\/\" \/> <!-- Do not remove this code. --><\/pee><!\u2013- [et_pb_br_holder] -\u2013> <pee><select style=\"display: none;\" name=\"Lead Source\"><option value=\"-None-\">Ninguno<\/option><option value=\"AdWords\">AdWords<\/option><option value=\"Consulta por Email\">Consulta por Email<\/option><option value=\"Externo\">Externo<\/option><option value=\"Facebook\">Facebook<\/option><option value=\"Fuera de la Oficina\">Fuera de la Oficina<\/option><option value=\"Referido\">Referido<\/option><option selected=\"selected\" value=\"WebContacto\">Web<\/option><option value=\"Web Presupuesto\">Web Presupuesto<\/option><option value=\"Facebook\">Facebook<\/option><option value=\"Twitter\">Twitter<\/option><option value=\"Google+\">Google+<\/option><\/select><\/pee><!\u2013- [et_pb_br_holder] -\u2013> <pee>Nombre<span style=\"color: red;\">*<\/span><!\u2013- [et_pb_br_holder] -\u2013><!\u2013- [et_pb_br_holder] -\u2013> <span class=\"wpcf7-form-control-wrap\"> <input class=\"wpcf7-form-control wpcf7-text\" name=\"First Name\" required=\"\" size=\"40\" type=\"text\" value=\"\" \/><\/span><\/pee><!\u2013- [et_pb_br_holder] -\u2013> <pee>Apellidos<span style=\"color: red;\">*<\/span><!\u2013- [et_pb_br_holder] -\u2013><!\u2013- [et_pb_br_holder] -\u2013> <span class=\"wpcf7-form-control-wrap\"> <input class=\"wpcf7-form-control wpcf7-text\" maxlength=\"80\" name=\"Last Name\" required=\"\" size=\"40\" type=\"text\" value=\"\" \/> <\/span><\/pee><!\u2013- [et_pb_br_holder] -\u2013> <pee>Tel<span style=\"color: red;\">*<\/span><!\u2013- [et_pb_br_holder] -\u2013><!\u2013- [et_pb_br_holder] -\u2013> <span class=\"wpcf7-form-control-wrap\"> <input class=\"wpcf7-form-control wpcf7-text\" maxlength=\"80\" name=\"Phone\" required=\"\" size=\"40\" type=\"text\" value=\"\" \/> <\/span><\/pee><!\u2013- [et_pb_br_holder] -\u2013> <pee>Mail<span style=\"color: red;\">*<\/span><!\u2013- [et_pb_br_holder] -\u2013><!\u2013- [et_pb_br_holder] -\u2013> <span class=\"wpcf7-form-control-wrap\"><input class=\"wpcf7-form-control wpcf7-text\" maxlength=\"100\" name=\"Email\" required=\"\" size=\"40\" type=\"text\" value=\"\" \/><\/span><\/pee><!\u2013- [et_pb_br_holder] -\u2013> <pee>Descripci\u00f3n<!\u2013- [et_pb_br_holder] -\u2013><!\u2013- [et_pb_br_holder] -\u2013> <span class=\"wpcf7-form-control-wrap\"><textarea class=\"wpcf7-form-control wpcf7-textarea\" style=\"width: 250px;\" maxlength=\"1000\" name=\"Description\" required=\"\"> <\/textarea><\/span><\/pee><!\u2013- [et_pb_br_holder] -\u2013> <pee>Introduzca el captcha<\/pee><!\u2013- [et_pb_br_holder] -\u2013> <pee><input type='text' class=\"wpcf7-form-control\" style='width:250px;' maxlength='80' name='enterdigest' \/><\/pee><pee><img id='imgid' src='https:\/\/crm.zoho.com\/crm\/CaptchaServlet?formId=1eafa3bfa96931a02af917799377940fc1f3e2d1a7e244c625ca857be6de4668&#038;grpid=b1f8e0c4937799e38365eb9e522d9ecf7e25c20013bf42dc4b67813f3ccc2acf'><!\u2013- [et_pb_br_holder] -\u2013> <a href='javascript:;' onclick='reloadImg()'>Recargar<\/a><\/pee><!\u2013- [et_pb_br_holder] -\u2013> <pee><input class=\"wpcf7-form-control wpcf7-submit\" type=\"submit\" value=\"Enviar\" \/> <script> var mndFileds=new Array(\"First Name\",\"Email\",\"Last Name\",\"Phone\",\"Description\"); var fldLangVal=new Array(\"Nombre\",\"Mail\",\"Apellidos\",\"Telefono\",\"Description\"); var name=\"\"; var email=\"\"; \/* Do not remove this code. *\/<!\u2013- [et_pb_br_holder] -\u2013> function reloadImg() {<!\u2013- [et_pb_br_holder] -\u2013> if(document.getElementById('imgid').src.indexOf('&d') !== -1 ) {<!\u2013- [et_pb_br_holder] -\u2013> document.getElementById('imgid').src=document.getElementById('imgid').src.substring(0,document.getElementById('imgid').src.indexOf('&d'))+'&d'+new Date().getTime();<!\u2013- [et_pb_br_holder] -\u2013> } else {<!\u2013- [et_pb_br_holder] -\u2013> document.getElementById('imgid').src = document.getElementById('imgid').src+'&d'+new Date().getTime();<!\u2013- [et_pb_br_holder] -\u2013> }<!\u2013- [et_pb_br_holder] -\u2013> }function checkMandatory() { for(i=0;i<mndFileds.length;i++) { var fieldObj=document.forms[\"WebToLeads1916462000000180129\"][mndFileds[i]]; if(fieldObj) { if (((fieldObj.value).replace(\/^s+|s+$\/g, \"\")).length==0) { alert(fldLangVal[i] +\" no puede estar vac\u00edo\"); fieldObj.focus(); return false; } else if(fieldObj.nodeName==\"SELECT\") { if(fieldObj.options[fieldObj.selectedIndex].value==\"-None-\") { alert(fldLangVal[i] +\" no puede ser nulo\"); fieldObj.focus(); return false; } } else if(fieldObj.type ==\"checkbox\"){ if(fieldObj.checked == false){ alert(\"Please accept \"+fldLangVal[i]); fieldObj.focus(); return false; } } try { if(fieldObj.name == \"Last Name\") { name = fieldObj.value; } } catch (e) {} } } } <\/script><\/pee><!\u2013- [et_pb_br_holder] -\u2013> <\/form>\n<p> <!-- Do not remove this code. --><!\u2013- [et_pb_br_holder] -\u2013> <iframe name='captchaFrame' style='display:none;'><\/iframe><!\u2013- [et_pb_br_holder] -\u2013> <\/div>\n<p>[\/et_pb_code][\/et_pb_column][et_pb_column type=\"1_2\"][et_pb_text admin_label=\"Text\" header_text_color=\"#ffffff\" text_font_size=\"18\" text_text_color=\"#ffffff\" use_border_color=\"off\" disabled=\"off\" background_position=\"top_left\" background_repeat=\"repeat\" background_size=\"initial\" _builder_version=\"3.17.5\"]<\/p>\n<div class=\"home-title-box\" style=\"margin-bottom: 20px;\">\n<h4>Sabemos c\u00f3mo asesorarlo<\/h4>\n<\/div>\n<p style=\"color: white;\">Env\u00edenos su consulta o cont\u00e1ctenos por tel\u00e9fono para conocer su necesidad y poder acercarle la mejor propuesta para su empresa.<\/p>\n<h4 style=\"margin-top: 20px;\"><strong>Tel\u00e9fono o Whats app:<\/strong><\/h4>\n<h4>+54911 5110 2084<\/h4>\n<div class=\"contacto-ciudad-boton\">\n<p style=\"color: white;\">BUENOS AIRES - ARGENTINA. DESDE 2004<\/p>\n<p><a href=\"https:\/\/templura.com\/tienda\/presupuesto\/\">Pida Su Presupuesto<\/a><\/p>\n<\/div>\n<p>[\/et_pb_text][\/et_pb_column][\/et_pb_row][\/et_pb_section]<\/p>\n","protected":false},"excerpt":{"rendered":"<p>Sabemos c\u00f3mo asesorarloEnv\u00edenos su consulta o cont\u00e1ctenos por tel\u00e9fono para conocer su necesidad y poder acercarle la mejor propuesta para su empresa.Tel\u00e9fono o Whats app:+54911 5110 2084BUENOS AIRES &#8211; ARGENTINA. DESDE 2004Pida Su Presupuesto<\/p>\n","protected":false},"author":2,"featured_media":0,"parent":0,"menu_order":0,"comment_status":"open","ping_status":"open","template":"","meta":{"_et_pb_use_builder":"on","_et_pb_old_content":"","_et_gb_content_width":"","footnotes":""},"class_list":["post-41","page","type-page","status-publish","hentry"],"_links":{"self":[{"href":"https:\/\/templura.com\/tienda\/wp-json\/wp\/v2\/pages\/41","targetHints":{"allow":["GET"]}}],"collection":[{"href":"https:\/\/templura.com\/tienda\/wp-json\/wp\/v2\/pages"}],"about":[{"href":"https:\/\/templura.com\/tienda\/wp-json\/wp\/v2\/types\/page"}],"author":[{"embeddable":true,"href":"https:\/\/templura.com\/tienda\/wp-json\/wp\/v2\/users\/2"}],"replies":[{"embeddable":true,"href":"https:\/\/templura.com\/tienda\/wp-json\/wp\/v2\/comments?post=41"}],"version-history":[{"count":112,"href":"https:\/\/templura.com\/tienda\/wp-json\/wp\/v2\/pages\/41\/revisions"}],"predecessor-version":[{"id":12968,"href":"https:\/\/templura.com\/tienda\/wp-json\/wp\/v2\/pages\/41\/revisions\/12968"}],"wp:attachment":[{"href":"https:\/\/templura.com\/tienda\/wp-json\/wp\/v2\/media?parent=41"}],"curies":[{"name":"wp","href":"https:\/\/api.w.org\/{rel}","templated":true}]}}