{"id":14565,"date":"2024-08-29T19:28:28","date_gmt":"2024-08-29T22:28:28","guid":{"rendered":"https:\/\/templura.com\/tienda\/?post_type=product&#038;p=14565"},"modified":"2024-12-30T12:20:34","modified_gmt":"2024-12-30T15:20:34","slug":"navidad-clasica","status":"publish","type":"product","link":"https:\/\/templura.com\/tienda\/producto\/navidad-clasica\/","title":{"rendered":"Navidad Cl\u00e1sica"},"content":{"rendered":"<p>Pensada para el momento del brindis, contiene los detalles dulces que m\u00e1s disfrutan los ni\u00f1os y adultos.<\/p>\n<ol>\n<li>Pan dulce tradicional con frutas abrillantadas &#8211;\u00a0 500 gr. Marca Musel<\/li>\n<li>Extra Brut Familia Gasc\u00f3n. Bodega Escorihuela Gasc\u00f3n- Mendoza<\/li>\n<li>Malbec Familia Gasc\u00f3n. Bodega Escorihuela Gasc\u00f3n- Mendoza<\/li>\n<li>Turr\u00f3n de Man\u00ed con Miel &#8211;\u00a0 Estuche 120 gr. Calidad Artesanal<\/li>\n<li>\u00a0Man\u00ed con chocolate- 80 gr. Calidad artesanal<\/li>\n<li>Pasas de Uva con Chocolate \u2013 80 gr.<\/li>\n<li>Garrapi\u00f1ada de Man\u00ed &#8211; 80 gr.<\/li>\n<li>Caja de carton resistente de dise\u00f1o exclusivo<\/li>\n<\/ol>\n<p><strong>Ver opci\u00f3n con bolsa de tela y bolsa sustentable.<\/strong><\/p>\n<p>Se acercan las fiestas y es indispensable estar en el detalle de obsequiar la canasta navide\u00f1a que todos esperan. Por ello, Templura ofrece esta caja navide\u00f1a con productos de alta calidad para compartir luego de la cena de Noche Buena o Fin de A\u00f1o.<\/p>\n","protected":false},"excerpt":{"rendered":"<p>Pensada para el momento del brindis, contiene los detalles dulces que m\u00e1s disfrutan los ni\u00f1os y adultos. Pan dulce tradicional con frutas abrillantadas &#8211;\u00a0 500 gr. Marca Musel Extra Brut Familia Gasc\u00f3n. Bodega Escorihuela Gasc\u00f3n- Mendoza Malbec Familia Gasc\u00f3n. Bodega Escorihuela Gasc\u00f3n- Mendoza Turr\u00f3n de Man\u00ed con Miel &#8211;\u00a0 Estuche 120 gr. Calidad Artesanal \u00a0Man\u00ed [&hellip;]<\/p>\n","protected":false},"featured_media":14585,"comment_status":"closed","ping_status":"closed","template":"","meta":{"_et_pb_use_builder":"","_et_pb_old_content":"","_et_gb_content_width":""},"product_brand":[],"product_cat":[363,13],"product_tag":[],"class_list":{"0":"post-14565","1":"product","2":"type-product","3":"status-publish","4":"has-post-thumbnail","6":"product_cat-mostrar-en-la-home-del-sitio","7":"product_cat-regalos-gourmet","9":"first","10":"instock","11":"shipping-taxable","12":"product-type-simple"},"_links":{"self":[{"href":"https:\/\/templura.com\/tienda\/wp-json\/wp\/v2\/product\/14565","targetHints":{"allow":["GET"]}}],"collection":[{"href":"https:\/\/templura.com\/tienda\/wp-json\/wp\/v2\/product"}],"about":[{"href":"https:\/\/templura.com\/tienda\/wp-json\/wp\/v2\/types\/product"}],"replies":[{"embeddable":true,"href":"https:\/\/templura.com\/tienda\/wp-json\/wp\/v2\/comments?post=14565"}],"wp:featuredmedia":[{"embeddable":true,"href":"https:\/\/templura.com\/tienda\/wp-json\/wp\/v2\/media\/14585"}],"wp:attachment":[{"href":"https:\/\/templura.com\/tienda\/wp-json\/wp\/v2\/media?parent=14565"}],"wp:term":[{"taxonomy":"product_brand","embeddable":true,"href":"https:\/\/templura.com\/tienda\/wp-json\/wp\/v2\/product_brand?post=14565"},{"taxonomy":"product_cat","embeddable":true,"href":"https:\/\/templura.com\/tienda\/wp-json\/wp\/v2\/product_cat?post=14565"},{"taxonomy":"product_tag","embeddable":true,"href":"https:\/\/templura.com\/tienda\/wp-json\/wp\/v2\/product_tag?post=14565"}],"curies":[{"name":"wp","href":"https:\/\/api.w.org\/{rel}","templated":true}]}}