{"id":14568,"date":"2024-08-29T19:26:57","date_gmt":"2024-08-29T22:26:57","guid":{"rendered":"https:\/\/templura.com\/tienda\/?post_type=product&#038;p=14568"},"modified":"2024-12-30T12:20:43","modified_gmt":"2024-12-30T15:20:43","slug":"navidad-gourmet","status":"publish","type":"product","link":"https:\/\/templura.com\/tienda\/producto\/navidad-gourmet\/","title":{"rendered":"Navidad Gourmet"},"content":{"rendered":"<p>Una selecci\u00f3n de los mejores productos gourmet para regalar a quienes m\u00e1s lo merecen. Ideal para abrir despu\u00e9s de las doce, est\u00e1 pensada para el momento del brindis:<\/p>\n<ol>\n<li>Bocaditos de chocolate con licor de caf\u00e9\u2013 80 gr. de exquisitos bocaditos de m\u00e1xima calidad<\/li>\n<li>Almendras con chocolate &#8211; 80 gr. &#8211; calidad Premium de chocolate<\/li>\n<li>Man\u00ed con chocolate \u2013 80 gr. de man\u00ed recubierto de chocolate de calidad Premium<\/li>\n<li>Pasas de uva con chocolate &#8211; \u00a080 gr. Calidad Premium<\/li>\n<li>Champagne Extra Brut Familia Gasc\u00f3n\u00a0 \u2013 Bodega Escorihuela Gasc\u00f3n \u2013 Mendoza<\/li>\n<li>Stollen &#8211; con frutas secas (avellanas, nueces y almendras) Cobertura: Glas\u00e9 y Nueces &#8211; 500 gr.<\/li>\n<\/ol>\n<p>Presentaci\u00f3n: El precio corresponde a la caja en color kraft y guarda en azul. Puede ser entregado en caja azul, con un valor adicional.<\/p>\n<p><span style=\"text-decoration: underline;\">U<\/span>na combinaci\u00f3n perfecta de las exquisiteces dulces m\u00e1s apetecibles al paladar acompa\u00f1adas de una etiqueta de Extra Brut Familia Gasc\u00f3n que marida perfectamente con ellas, logrando un inigualable equilibrio de sabores.<\/p>\n<p>Somos flexibles a la hora de desarrollar los regalos<\/p>\n","protected":false},"excerpt":{"rendered":"<p>Una selecci\u00f3n de los mejores productos gourmet para regalar a quienes m\u00e1s lo merecen. Ideal para abrir despu\u00e9s de las doce, est\u00e1 pensada para el momento del brindis: Bocaditos de chocolate con licor de caf\u00e9\u2013 80 gr. de exquisitos bocaditos de m\u00e1xima calidad Almendras con chocolate &#8211; 80 gr. &#8211; calidad Premium de chocolate Man\u00ed [&hellip;]<\/p>\n","protected":false},"featured_media":14586,"comment_status":"closed","ping_status":"closed","template":"","meta":{"_et_pb_use_builder":"","_et_pb_old_content":"","_et_gb_content_width":""},"product_brand":[],"product_cat":[363,13],"product_tag":[],"class_list":{"0":"post-14568","1":"product","2":"type-product","3":"status-publish","4":"has-post-thumbnail","6":"product_cat-mostrar-en-la-home-del-sitio","7":"product_cat-regalos-gourmet","9":"first","10":"instock","11":"shipping-taxable","12":"product-type-simple"},"_links":{"self":[{"href":"https:\/\/templura.com\/tienda\/wp-json\/wp\/v2\/product\/14568","targetHints":{"allow":["GET"]}}],"collection":[{"href":"https:\/\/templura.com\/tienda\/wp-json\/wp\/v2\/product"}],"about":[{"href":"https:\/\/templura.com\/tienda\/wp-json\/wp\/v2\/types\/product"}],"replies":[{"embeddable":true,"href":"https:\/\/templura.com\/tienda\/wp-json\/wp\/v2\/comments?post=14568"}],"wp:featuredmedia":[{"embeddable":true,"href":"https:\/\/templura.com\/tienda\/wp-json\/wp\/v2\/media\/14586"}],"wp:attachment":[{"href":"https:\/\/templura.com\/tienda\/wp-json\/wp\/v2\/media?parent=14568"}],"wp:term":[{"taxonomy":"product_brand","embeddable":true,"href":"https:\/\/templura.com\/tienda\/wp-json\/wp\/v2\/product_brand?post=14568"},{"taxonomy":"product_cat","embeddable":true,"href":"https:\/\/templura.com\/tienda\/wp-json\/wp\/v2\/product_cat?post=14568"},{"taxonomy":"product_tag","embeddable":true,"href":"https:\/\/templura.com\/tienda\/wp-json\/wp\/v2\/product_tag?post=14568"}],"curies":[{"name":"wp","href":"https:\/\/api.w.org\/{rel}","templated":true}]}}