{"id":14571,"date":"2024-08-29T19:25:58","date_gmt":"2024-08-29T22:25:58","guid":{"rendered":"https:\/\/templura.com\/tienda\/?post_type=product&#038;p=14571"},"modified":"2024-12-30T12:20:52","modified_gmt":"2024-12-30T15:20:52","slug":"navidad-clasica-presentada-en-bolsa-sustentable-con-materiales-reciclados","status":"publish","type":"product","link":"https:\/\/templura.com\/tienda\/producto\/navidad-clasica-presentada-en-bolsa-sustentable-con-materiales-reciclados\/","title":{"rendered":"Navidad Cl\u00e1sica presentada en bolsa sustentable con materiales reciclados"},"content":{"rendered":"<p>Pensada para el momento del brindis, contiene los detalles dulces que m\u00e1s disfrutan los ni\u00f1os y adultos. Presentada en bolsa sustentable confeccionada por ONG\u00b4s con silobolsa reciclada<\/p>\n<ol>\n<li>Pan dulce tradicional con frutas abrillantadas &#8211;\u00a0 500 gr. Marca Musel<\/li>\n<li>Extra Brut Familia Gasc\u00f3n. Bodega Escorihuela Gasc\u00f3n- Mendoza<\/li>\n<li>Malbec Familia Gasc\u00f3n. Bodega Escorihuela Gasc\u00f3n- Mendoza<\/li>\n<li>Turr\u00f3n de Man\u00ed con Miel &#8211;\u00a0 Estuche 120 gr. Calidad Artesanal<\/li>\n<li>\u00a0Man\u00ed con chocolate- 80 gr. Calidad artesanal<\/li>\n<li>Pasas de Uva con Chocolate \u2013 80 gr.<\/li>\n<li>Garrapi\u00f1ada de Man\u00ed &#8211; 80 gr.<\/li>\n<li>Bolsa sustentable confeccionada por ONG\u00b4s con silobolsa reciclada Medidas: 30&#215;40 cm, con fuelle. Color negro o blanco<\/li>\n<li>Medidas bolsa: 30&#215;40 cm, con fuelle. Color negro o blanco<\/li>\n<\/ol>\n","protected":false},"excerpt":{"rendered":"<p>Pensada para el momento del brindis, contiene los detalles dulces que m\u00e1s disfrutan los ni\u00f1os y adultos. Presentada en bolsa sustentable confeccionada por ONG\u00b4s con silobolsa reciclada Pan dulce tradicional con frutas abrillantadas &#8211;\u00a0 500 gr. Marca Musel Extra Brut Familia Gasc\u00f3n. Bodega Escorihuela Gasc\u00f3n- Mendoza Malbec Familia Gasc\u00f3n. Bodega Escorihuela Gasc\u00f3n- Mendoza Turr\u00f3n de [&hellip;]<\/p>\n","protected":false},"featured_media":14584,"comment_status":"closed","ping_status":"closed","template":"","meta":{"_et_pb_use_builder":"","_et_pb_old_content":"","_et_gb_content_width":""},"product_brand":[],"product_cat":[363,13],"product_tag":[],"class_list":{"0":"post-14571","1":"product","2":"type-product","3":"status-publish","4":"has-post-thumbnail","6":"product_cat-mostrar-en-la-home-del-sitio","7":"product_cat-regalos-gourmet","9":"first","10":"instock","11":"shipping-taxable","12":"product-type-simple"},"_links":{"self":[{"href":"https:\/\/templura.com\/tienda\/wp-json\/wp\/v2\/product\/14571","targetHints":{"allow":["GET"]}}],"collection":[{"href":"https:\/\/templura.com\/tienda\/wp-json\/wp\/v2\/product"}],"about":[{"href":"https:\/\/templura.com\/tienda\/wp-json\/wp\/v2\/types\/product"}],"replies":[{"embeddable":true,"href":"https:\/\/templura.com\/tienda\/wp-json\/wp\/v2\/comments?post=14571"}],"wp:featuredmedia":[{"embeddable":true,"href":"https:\/\/templura.com\/tienda\/wp-json\/wp\/v2\/media\/14584"}],"wp:attachment":[{"href":"https:\/\/templura.com\/tienda\/wp-json\/wp\/v2\/media?parent=14571"}],"wp:term":[{"taxonomy":"product_brand","embeddable":true,"href":"https:\/\/templura.com\/tienda\/wp-json\/wp\/v2\/product_brand?post=14571"},{"taxonomy":"product_cat","embeddable":true,"href":"https:\/\/templura.com\/tienda\/wp-json\/wp\/v2\/product_cat?post=14571"},{"taxonomy":"product_tag","embeddable":true,"href":"https:\/\/templura.com\/tienda\/wp-json\/wp\/v2\/product_tag?post=14571"}],"curies":[{"name":"wp","href":"https:\/\/api.w.org\/{rel}","templated":true}]}}