{"id":14574,"date":"2024-08-29T19:23:20","date_gmt":"2024-08-29T22:23:20","guid":{"rendered":"https:\/\/templura.com\/tienda\/?post_type=product&#038;p=14574"},"modified":"2024-12-30T12:21:00","modified_gmt":"2024-12-30T15:21:00","slug":"cerveza-momentum-completo","status":"publish","type":"product","link":"https:\/\/templura.com\/tienda\/producto\/cerveza-momentum-completo\/","title":{"rendered":"Cerveza momentum completo"},"content":{"rendered":"<p>Un Regalo competo para disfrutar un momento relajado After Office<\/p>\n<ul>\n<li>Vaso de cerveza tulipa, capacidad 300 ml.<\/li>\n<li>Cerveza artesanal de calidad Premium &#8211; botella de 500 cc. Variedades cl\u00e1sicas. Premiada en Sudam\u00e9rica.<\/li>\n<li>Pat\u00e9 de aceitunas ahumadas &#8211; envase peque\u00f1o 90 gr. Bariloche<\/li>\n<li>Mix salado de frutas secas Almendras, man\u00ed, pasas de uva negras, casta\u00f1as de caj\u00fa. 100 grs.<\/li>\n<li>Queso ahumado de pasta semi dura &#8211; 300 gr (envasado al vac\u00edo) &#8211; Suipacha<\/li>\n<\/ul>\n<p>Presentaci\u00f3n: El precio corresponde a la caja en color kraft y guarda en azul. Puede ser entregado en caja azul, con un valor adicional.<\/p>\n<p>Somos flexibles a la hora de desarrollar los regalos. Puede pedirnos:<\/p>\n<ul>\n<li>Cambiar el vaso por chop<\/li>\n<li>otros modelos de caja: en madera, metal o cart\u00f3n<\/li>\n<li>cambiar la cerveza o productos gourmet que se incluyen<\/li>\n<\/ul>\n","protected":false},"excerpt":{"rendered":"<p>Un Regalo competo para disfrutar un momento relajado After Office Vaso de cerveza tulipa, capacidad 300 ml. Cerveza artesanal de calidad Premium &#8211; botella de 500 cc. Variedades cl\u00e1sicas. Premiada en Sudam\u00e9rica. Pat\u00e9 de aceitunas ahumadas &#8211; envase peque\u00f1o 90 gr. Bariloche Mix salado de frutas secas Almendras, man\u00ed, pasas de uva negras, casta\u00f1as de [&hellip;]<\/p>\n","protected":false},"featured_media":14588,"comment_status":"closed","ping_status":"closed","template":"","meta":{"_et_pb_use_builder":"","_et_pb_old_content":"","_et_gb_content_width":""},"product_brand":[],"product_cat":[363,13],"product_tag":[],"class_list":{"0":"post-14574","1":"product","2":"type-product","3":"status-publish","4":"has-post-thumbnail","6":"product_cat-mostrar-en-la-home-del-sitio","7":"product_cat-regalos-gourmet","9":"first","10":"instock","11":"shipping-taxable","12":"product-type-simple"},"_links":{"self":[{"href":"https:\/\/templura.com\/tienda\/wp-json\/wp\/v2\/product\/14574","targetHints":{"allow":["GET"]}}],"collection":[{"href":"https:\/\/templura.com\/tienda\/wp-json\/wp\/v2\/product"}],"about":[{"href":"https:\/\/templura.com\/tienda\/wp-json\/wp\/v2\/types\/product"}],"replies":[{"embeddable":true,"href":"https:\/\/templura.com\/tienda\/wp-json\/wp\/v2\/comments?post=14574"}],"wp:featuredmedia":[{"embeddable":true,"href":"https:\/\/templura.com\/tienda\/wp-json\/wp\/v2\/media\/14588"}],"wp:attachment":[{"href":"https:\/\/templura.com\/tienda\/wp-json\/wp\/v2\/media?parent=14574"}],"wp:term":[{"taxonomy":"product_brand","embeddable":true,"href":"https:\/\/templura.com\/tienda\/wp-json\/wp\/v2\/product_brand?post=14574"},{"taxonomy":"product_cat","embeddable":true,"href":"https:\/\/templura.com\/tienda\/wp-json\/wp\/v2\/product_cat?post=14574"},{"taxonomy":"product_tag","embeddable":true,"href":"https:\/\/templura.com\/tienda\/wp-json\/wp\/v2\/product_tag?post=14574"}],"curies":[{"name":"wp","href":"https:\/\/api.w.org\/{rel}","templated":true}]}}